{"id":383,"date":"2024-03-24T16:46:54","date_gmt":"2024-03-24T23:46:54","guid":{"rendered":"https:\/\/napawika.com.mx\/?page_id=383"},"modified":"2024-03-24T21:38:57","modified_gmt":"2024-03-25T04:38:57","slug":"por-que-decidimos-hacer-napawika","status":"publish","type":"page","link":"https:\/\/napawika.com.mx\/ralamuli\/por-que-decidimos-hacer-napawika\/","title":{"rendered":"\u00bfPor qu\u00e9 decidimos hacer Napawika?"},"content":{"rendered":"<p>A lo largo de los a\u00f1os, se ha visto la resiliencia de las comunidades ind\u00edgenas con los cambios que ha tenido la sociedad y por ello han sabido adaptarse a estos mismos cambios, sin embargo, se ha incrementado la <em>apropiaci\u00f3n cultural indebida<\/em>.<\/p>\n<p><em>Apropiaci\u00f3n cultural<\/em> es una forma de dominio cultural, en donde personas que no son parte de una comunidad ind\u00edgena, toman elementos culturales de la iconograf\u00eda y cosmolog\u00eda de dicho pueblo originario para buscar un beneficio econ\u00f3mico. Es decir, tomar elementos tales como la propiedad intelectual y conocimiento tradicional de otra cultura sin permiso. Este puede incluir la danza, m\u00fasica, alimentos, vestimenta, simbolog\u00eda, entre otras cosas. Y es da\u00f1ino cuando la comunidad es un grupo minoritario e hist\u00f3ricamente oprimido por la sociedad.<\/p>\n<p>&nbsp;<\/p>\n<p><em><strong>NAPAWIKA<\/strong><\/em> surge debido a que dentro de la comunidad Ral\u00e1muli, las personas artesanas han tenido que adaptarse a los cambios de la sociedad, pero estos cambios han tra\u00eddo consigo la apropiaci\u00f3n cultural por parte de personas que no son pertenecientes a la misma, afectando as\u00ed el patrimonio cultural del pueblo.<\/p>\n<p>Es por ello que nos unimos para combatir esta situaci\u00f3n, debido que a\u00a0lo largo de los \u00faltimos a\u00f1os, se ha visto un incremento de negocios que trabajan con iconograf\u00eda y cosmolog\u00eda tradicional de los pueblos originarios; en muchos de estos negocios son contratadas personas ind\u00edgenas pertenecientes al pueblo de donde es utilizada esta iconograf\u00eda, y dichos negocios son presentados como una \u201ccooperativa horizontal\u201d en donde todas las personas que colaboran tienen los mismos beneficios, pero al interior de este existe una jerarqu\u00eda muy marcada en donde solamente hay beneficio para las administraciones o las que est\u00e1n encima de la jerarqu\u00eda de esos negocios, que generalmente son personas mestizas o externas a la comunidad.<\/p>\n<p><img fetchpriority=\"high\" decoding=\"async\" class=\"size-medium wp-image-384 alignleft\" src=\"https:\/\/napawika.com.mx\/wp-content\/uploads\/2024\/03\/Nosotras-300x296.jpeg\" alt=\"\" width=\"300\" height=\"296\" srcset=\"https:\/\/napawika.com.mx\/wp-content\/uploads\/2024\/03\/Nosotras-300x296.jpeg 300w, https:\/\/napawika.com.mx\/wp-content\/uploads\/2024\/03\/Nosotras-768x757.jpeg 768w, https:\/\/napawika.com.mx\/wp-content\/uploads\/2024\/03\/Nosotras-12x12.jpeg 12w, https:\/\/napawika.com.mx\/wp-content\/uploads\/2024\/03\/Nosotras-600x592.jpeg 600w, https:\/\/napawika.com.mx\/wp-content\/uploads\/2024\/03\/Nosotras-100x100.jpeg 100w, https:\/\/napawika.com.mx\/wp-content\/uploads\/2024\/03\/Nosotras.jpeg 853w\" sizes=\"(max-width: 300px) 100vw, 300px\" \/><\/p>\n<p>&nbsp;<\/p>\n<p>&nbsp;<\/p>\n<p style=\"text-align: left;\">Nuestro objetivo en Napawika es <strong><em>Difundir procesos de creaci\u00f3n de artesan\u00edas para que las personas valoren cada producto y as\u00ed mismo a la comunidad y a la persona artesana qui\u00e9n lo crea. De igual manera buscamos de canales de comercializaci\u00f3n basados en la declaraci\u00f3n de compra justa y directa.<\/em><\/strong><\/p>","protected":false},"excerpt":{"rendered":"<p>A lo largo de los a\u00f1os, se ha visto la resiliencia de las comunidades ind\u00edgenas con los cambios que ha tenido la sociedad y por ello han sabido adaptarse a estos mismos cambios, sin embargo, se ha incrementado la apropiaci\u00f3n cultural indebida. Apropiaci\u00f3n cultural es una forma de dominio cultural, en donde personas que no [&hellip;]<\/p>","protected":false},"author":2,"featured_media":0,"parent":0,"menu_order":0,"comment_status":"closed","ping_status":"closed","template":"","meta":{"footnotes":""},"class_list":["post-383","page","type-page","status-publish","hentry"],"_links":{"self":[{"href":"https:\/\/napawika.com.mx\/ralamuli\/wp-json\/wp\/v2\/pages\/383","targetHints":{"allow":["GET"]}}],"collection":[{"href":"https:\/\/napawika.com.mx\/ralamuli\/wp-json\/wp\/v2\/pages"}],"about":[{"href":"https:\/\/napawika.com.mx\/ralamuli\/wp-json\/wp\/v2\/types\/page"}],"author":[{"embeddable":true,"href":"https:\/\/napawika.com.mx\/ralamuli\/wp-json\/wp\/v2\/users\/2"}],"replies":[{"embeddable":true,"href":"https:\/\/napawika.com.mx\/ralamuli\/wp-json\/wp\/v2\/comments?post=383"}],"version-history":[{"count":2,"href":"https:\/\/napawika.com.mx\/ralamuli\/wp-json\/wp\/v2\/pages\/383\/revisions"}],"predecessor-version":[{"id":386,"href":"https:\/\/napawika.com.mx\/ralamuli\/wp-json\/wp\/v2\/pages\/383\/revisions\/386"}],"wp:attachment":[{"href":"https:\/\/napawika.com.mx\/ralamuli\/wp-json\/wp\/v2\/media?parent=383"}],"curies":[{"name":"wp","href":"https:\/\/api.w.org\/{rel}","templated":true}]}}