{"id":291,"date":"2024-02-28T00:31:12","date_gmt":"2024-02-28T00:31:12","guid":{"rendered":"https:\/\/napawika.com.mx\/producto\/sipchaka\/"},"modified":"2024-03-22T12:13:44","modified_gmt":"2024-03-22T19:13:44","slug":"sipuchaka","status":"publish","type":"product","link":"https:\/\/napawika.com.mx\/ralamuli\/product\/sipuchaka\/","title":{"rendered":"SIP\u00daCHAKA"},"content":{"rendered":"<p>Los textiles rar\u00e1muri se caracterizan por usar una base en algod\u00f3n y por la variedad de colores, hilos y tejidos. Antes eran creadas con fibras vegetales, actualmente son creadas con algod\u00f3n y lana.<\/p>","protected":false},"excerpt":{"rendered":"<p>Su dise\u00f1o representa los caminos y las monta\u00f1as que los raramuris deben de atravesar cuando se trasladan de un lugar hacia otro.<\/p>","protected":false},"featured_media":381,"comment_status":"open","ping_status":"closed","template":"","meta":[],"product_cat":[68],"product_tag":[71,70,69,72],"class_list":{"0":"post-291","1":"product","2":"type-product","3":"status-publish","4":"has-post-thumbnail","6":"product_cat-textil","7":"product_tag-blusa","8":"product_tag-falda","9":"product_tag-ropa","10":"product_tag-tela","12":"first","13":"instock","14":"shipping-taxable","15":"purchasable","16":"product-type-simple"},"_links":{"self":[{"href":"https:\/\/napawika.com.mx\/ralamuli\/wp-json\/wp\/v2\/product\/291","targetHints":{"allow":["GET"]}}],"collection":[{"href":"https:\/\/napawika.com.mx\/ralamuli\/wp-json\/wp\/v2\/product"}],"about":[{"href":"https:\/\/napawika.com.mx\/ralamuli\/wp-json\/wp\/v2\/types\/product"}],"replies":[{"embeddable":true,"href":"https:\/\/napawika.com.mx\/ralamuli\/wp-json\/wp\/v2\/comments?post=291"}],"wp:featuredmedia":[{"embeddable":true,"href":"https:\/\/napawika.com.mx\/ralamuli\/wp-json\/wp\/v2\/media\/381"}],"wp:attachment":[{"href":"https:\/\/napawika.com.mx\/ralamuli\/wp-json\/wp\/v2\/media?parent=291"}],"wp:term":[{"taxonomy":"product_cat","embeddable":true,"href":"https:\/\/napawika.com.mx\/ralamuli\/wp-json\/wp\/v2\/product_cat?post=291"},{"taxonomy":"product_tag","embeddable":true,"href":"https:\/\/napawika.com.mx\/ralamuli\/wp-json\/wp\/v2\/product_tag?post=291"}],"curies":[{"name":"wp","href":"https:\/\/api.w.org\/{rel}","templated":true}]}}