{"id":294,"date":"2024-02-28T00:31:13","date_gmt":"2024-02-28T00:31:13","guid":{"rendered":"https:\/\/napawika.com.mx\/producto\/plaka\/"},"modified":"2024-03-22T11:54:37","modified_gmt":"2024-03-22T18:54:37","slug":"pulaka","status":"publish","type":"product","link":"https:\/\/napawika.com.mx\/ralamuli\/product\/pulaka\/","title":{"rendered":"P\u00daLAKA"},"content":{"rendered":"<p>Los textiles rar\u00e1muri se caracterizan por usar una base en algod\u00f3n y por la variedad de colores, hilos y tejidos. Antes eran creadas con fibras vegetales, actualmente son creadas con algod\u00f3n y lana.<\/p>","protected":false},"excerpt":{"rendered":"<p>Conocida como faja, tiene varios dise\u00f1os que puede contar historias diferentes, esta hecha principalmente de hilo grueso.<\/p>","protected":false},"featured_media":378,"comment_status":"open","ping_status":"closed","template":"","meta":[],"product_cat":[68],"product_tag":[71,75,70,72],"class_list":{"0":"post-294","1":"product","2":"type-product","3":"status-publish","4":"has-post-thumbnail","6":"product_cat-textil","7":"product_tag-blusa","8":"product_tag-colores","9":"product_tag-falda","10":"product_tag-tela","12":"first","13":"instock","14":"shipping-taxable","15":"purchasable","16":"product-type-simple"},"_links":{"self":[{"href":"https:\/\/napawika.com.mx\/ralamuli\/wp-json\/wp\/v2\/product\/294","targetHints":{"allow":["GET"]}}],"collection":[{"href":"https:\/\/napawika.com.mx\/ralamuli\/wp-json\/wp\/v2\/product"}],"about":[{"href":"https:\/\/napawika.com.mx\/ralamuli\/wp-json\/wp\/v2\/types\/product"}],"replies":[{"embeddable":true,"href":"https:\/\/napawika.com.mx\/ralamuli\/wp-json\/wp\/v2\/comments?post=294"}],"wp:featuredmedia":[{"embeddable":true,"href":"https:\/\/napawika.com.mx\/ralamuli\/wp-json\/wp\/v2\/media\/378"}],"wp:attachment":[{"href":"https:\/\/napawika.com.mx\/ralamuli\/wp-json\/wp\/v2\/media?parent=294"}],"wp:term":[{"taxonomy":"product_cat","embeddable":true,"href":"https:\/\/napawika.com.mx\/ralamuli\/wp-json\/wp\/v2\/product_cat?post=294"},{"taxonomy":"product_tag","embeddable":true,"href":"https:\/\/napawika.com.mx\/ralamuli\/wp-json\/wp\/v2\/product_tag?post=294"}],"curies":[{"name":"wp","href":"https:\/\/api.w.org\/{rel}","templated":true}]}}